{"id":5138,"date":"2024-04-10T09:13:41","date_gmt":"2024-04-10T09:13:41","guid":{"rendered":"https:\/\/chainsawacademy.husqvarna.com\/basic-tree-felling-2\/"},"modified":"2026-02-24T09:32:07","modified_gmt":"2026-02-24T09:32:07","slug":"basic-tree-felling-2","status":"publish","type":"page","link":"https:\/\/chainsawacademy.husqvarna.com\/sv\/basic-tree-felling-2\/","title":{"rendered":"Grundl\u00e4ggande tr\u00e4df\u00e4llning"},"content":{"rendered":"","protected":false},"excerpt":{"rendered":"","protected":false},"author":1,"featured_media":511,"parent":0,"menu_order":0,"comment_status":"closed","ping_status":"closed","template":"","meta":{"_locale":"sv_SE","_original_post":"https:\/\/chainsawacademy.husqvarna.com\/?page_id=2339"},"yoast_head":"<!-- This site is optimized with the Yoast SEO plugin v16.1.1 - https:\/\/yoast.com\/wordpress\/plugins\/seo\/ -->\n<link rel=\"canonical\" href=\"https:\/\/www.husqvarna.com\/se\/utforska-och-upptack\/chainsaw-academy\/grundlaggande-tradfallning\/\" \/>\n<meta property=\"og:locale\" content=\"sv_SE\" \/>\n<meta property=\"og:type\" content=\"article\" \/>\n<meta property=\"og:title\" content=\"Grundl\u00e4ggande tr\u00e4df\u00e4llning - Husqvarna Chainsaw Academy\" \/>\n<meta property=\"og:url\" content=\"https:\/\/www.husqvarna.com\/se\/utforska-och-upptack\/chainsaw-academy\/grundlaggande-tradfallning\/\" \/>\n<meta property=\"og:site_name\" content=\"Husqvarna Chainsaw Academy\" \/>\n<meta property=\"article:modified_time\" content=\"2026-02-24T09:32:07+00:00\" \/>\n<meta property=\"og:image\" content=\"https:\/\/chainsawacademy.husqvarna.com\/wp-content\/uploads\/2018\/08\/Generic_H865-0029.jpg\" \/>\n\t<meta property=\"og:image:width\" content=\"1920\" \/>\n\t<meta property=\"og:image:height\" content=\"627\" \/>\n<meta name=\"twitter:card\" content=\"summary_large_image\" \/>\n<script type=\"application\/ld+json\" class=\"yoast-schema-graph\">{\"@context\":\"https:\/\/schema.org\",\"@graph\":[{\"@type\":\"WebSite\",\"@id\":\"https:\/\/chainsawacademy.husqvarna.com\/#website\",\"url\":\"https:\/\/chainsawacademy.husqvarna.com\/\",\"name\":\"Husqvarna Chainsaw Academy\",\"description\":\"Husqvarna Chainsaw Academy is your online resource.\",\"potentialAction\":[{\"@type\":\"SearchAction\",\"target\":\"https:\/\/chainsawacademy.husqvarna.com\/?s={search_term_string}\",\"query-input\":\"required name=search_term_string\"}],\"inLanguage\":\"sv-SE\"},{\"@type\":\"ImageObject\",\"@id\":\"https:\/\/www.husqvarna.com\/se\/utforska-och-upptack\/chainsaw-academy\/grundlaggande-tradfallning\/#primaryimage\",\"inLanguage\":\"sv-SE\",\"url\":\"https:\/\/chainsawacademy.husqvarna.com\/wp-content\/uploads\/2018\/08\/Generic_H865-0029.jpg\",\"contentUrl\":\"https:\/\/chainsawacademy.husqvarna.com\/wp-content\/uploads\/2018\/08\/Generic_H865-0029.jpg\",\"width\":1920,\"height\":627},{\"@type\":\"WebPage\",\"@id\":\"https:\/\/www.husqvarna.com\/se\/utforska-och-upptack\/chainsaw-academy\/grundlaggande-tradfallning\/#webpage\",\"url\":\"https:\/\/www.husqvarna.com\/se\/utforska-och-upptack\/chainsaw-academy\/grundlaggande-tradfallning\/\",\"name\":\"Grundl\\u00e4ggande tr\\u00e4df\\u00e4llning - Husqvarna Chainsaw Academy\",\"isPartOf\":{\"@id\":\"https:\/\/chainsawacademy.husqvarna.com\/#website\"},\"primaryImageOfPage\":{\"@id\":\"https:\/\/www.husqvarna.com\/se\/utforska-och-upptack\/chainsaw-academy\/grundlaggande-tradfallning\/#primaryimage\"},\"datePublished\":\"2024-04-10T09:13:41+00:00\",\"dateModified\":\"2026-02-24T09:32:07+00:00\",\"breadcrumb\":{\"@id\":\"https:\/\/www.husqvarna.com\/se\/utforska-och-upptack\/chainsaw-academy\/grundlaggande-tradfallning\/#breadcrumb\"},\"inLanguage\":\"sv-SE\",\"potentialAction\":[{\"@type\":\"ReadAction\",\"target\":[\"https:\/\/www.husqvarna.com\/se\/utforska-och-upptack\/chainsaw-academy\/grundlaggande-tradfallning\/\"]}]},{\"@type\":\"BreadcrumbList\",\"@id\":\"https:\/\/www.husqvarna.com\/se\/utforska-och-upptack\/chainsaw-academy\/grundlaggande-tradfallning\/#breadcrumb\",\"itemListElement\":[{\"@type\":\"ListItem\",\"position\":1,\"item\":{\"@type\":\"WebPage\",\"@id\":\"https:\/\/chainsawacademy.husqvarna.com\/sv\/\",\"url\":\"https:\/\/chainsawacademy.husqvarna.com\/sv\/\",\"name\":\"Home\"}},{\"@type\":\"ListItem\",\"position\":2,\"item\":{\"@type\":\"WebPage\",\"@id\":\"https:\/\/chainsawacademy.husqvarna.com\/sv\/basic-tree-felling-2\/\",\"url\":\"https:\/\/chainsawacademy.husqvarna.com\/sv\/basic-tree-felling-2\/\",\"name\":\"Grundl\\u00e4ggande tr\\u00e4df\\u00e4llning\"}}]}]}<\/script>\n<!-- \/ Yoast SEO plugin. -->","_links":{"self":[{"href":"https:\/\/chainsawacademy.husqvarna.com\/wp-json\/wp\/v2\/pages\/5138"}],"collection":[{"href":"https:\/\/chainsawacademy.husqvarna.com\/wp-json\/wp\/v2\/pages"}],"about":[{"href":"https:\/\/chainsawacademy.husqvarna.com\/wp-json\/wp\/v2\/types\/page"}],"author":[{"embeddable":true,"href":"https:\/\/chainsawacademy.husqvarna.com\/wp-json\/wp\/v2\/users\/1"}],"replies":[{"embeddable":true,"href":"https:\/\/chainsawacademy.husqvarna.com\/wp-json\/wp\/v2\/comments?post=5138"}],"version-history":[{"count":2,"href":"https:\/\/chainsawacademy.husqvarna.com\/wp-json\/wp\/v2\/pages\/5138\/revisions"}],"predecessor-version":[{"id":6126,"href":"https:\/\/chainsawacademy.husqvarna.com\/wp-json\/wp\/v2\/pages\/5138\/revisions\/6126"}],"wp:featuredmedia":[{"embeddable":true,"href":"https:\/\/chainsawacademy.husqvarna.com\/wp-json\/wp\/v2\/media\/511"}],"wp:attachment":[{"href":"https:\/\/chainsawacademy.husqvarna.com\/wp-json\/wp\/v2\/media?parent=5138"}],"curies":[{"name":"wp","href":"https:\/\/api.w.org\/{rel}","templated":true}]}}