{"id":1160,"date":"2020-04-24T07:03:01","date_gmt":"2020-04-24T07:03:01","guid":{"rendered":"https:\/\/chainsawacademy.husqvarna.com\/?page_id=1160"},"modified":"2026-02-24T09:35:08","modified_gmt":"2026-02-24T09:35:08","slug":"how-to-fell-a-tree-3","status":"publish","type":"page","link":"https:\/\/chainsawacademy.husqvarna.com\/","title":{"rendered":"S\u00e5 h\u00e4r f\u00e4ller du ett tr\u00e4d"},"content":{"rendered":"","protected":false},"excerpt":{"rendered":"","protected":false},"author":1,"featured_media":511,"parent":0,"menu_order":0,"comment_status":"closed","ping_status":"closed","template":"","meta":{"_locale":"sv_SE","_original_post":"22"},"yoast_head":"<!-- This site is optimized with the Yoast SEO plugin v16.1.1 - https:\/\/yoast.com\/wordpress\/plugins\/seo\/ -->\n<link rel=\"canonical\" href=\"https:\/\/www.husqvarna.com\/se\/utforska-och-upptack\/chainsaw-academy\/\" \/>\n<meta property=\"og:locale\" content=\"sv_SE\" \/>\n<meta property=\"og:type\" content=\"article\" \/>\n<meta property=\"og:title\" content=\"Hur man f\u00e4ller ett tr\u00e4d \u2013 Husqvarna Chainsaw Academy\" \/>\n<meta property=\"og:url\" content=\"https:\/\/www.husqvarna.com\/se\/utforska-och-upptack\/chainsaw-academy\/\" \/>\n<meta property=\"og:site_name\" content=\"Husqvarna Chainsaw Academy\" \/>\n<meta property=\"article:modified_time\" content=\"2026-02-24T09:35:08+00:00\" \/>\n<meta property=\"og:image\" content=\"https:\/\/chainsawacademy.husqvarna.com\/wp-content\/uploads\/2018\/08\/Generic_H865-0029.jpg\" \/>\n\t<meta property=\"og:image:width\" content=\"1920\" \/>\n\t<meta property=\"og:image:height\" content=\"627\" \/>\n<meta name=\"twitter:card\" content=\"summary_large_image\" \/>\n<script type=\"application\/ld+json\" class=\"yoast-schema-graph\">{\"@context\":\"https:\/\/schema.org\",\"@graph\":[{\"@type\":\"WebSite\",\"@id\":\"https:\/\/chainsawacademy.husqvarna.com\/#website\",\"url\":\"https:\/\/chainsawacademy.husqvarna.com\/\",\"name\":\"Husqvarna Chainsaw Academy\",\"description\":\"Husqvarna Chainsaw Academy is your online resource.\",\"potentialAction\":[{\"@type\":\"SearchAction\",\"target\":\"https:\/\/chainsawacademy.husqvarna.com\/?s={search_term_string}\",\"query-input\":\"required name=search_term_string\"}],\"inLanguage\":\"sv-SE\"},{\"@type\":\"ImageObject\",\"@id\":\"https:\/\/www.husqvarna.com\/se\/utforska-och-upptack\/chainsaw-academy\/#primaryimage\",\"inLanguage\":\"sv-SE\",\"url\":\"https:\/\/chainsawacademy.husqvarna.com\/wp-content\/uploads\/2018\/08\/Generic_H865-0029.jpg\",\"contentUrl\":\"https:\/\/chainsawacademy.husqvarna.com\/wp-content\/uploads\/2018\/08\/Generic_H865-0029.jpg\",\"width\":1920,\"height\":627},{\"@type\":\"WebPage\",\"@id\":\"https:\/\/www.husqvarna.com\/se\/utforska-och-upptack\/chainsaw-academy\/#webpage\",\"url\":\"https:\/\/www.husqvarna.com\/se\/utforska-och-upptack\/chainsaw-academy\/\",\"name\":\"Hur man f\\u00e4ller ett tr\\u00e4d \\u2013 Husqvarna Chainsaw Academy\",\"isPartOf\":{\"@id\":\"https:\/\/chainsawacademy.husqvarna.com\/#website\"},\"primaryImageOfPage\":{\"@id\":\"https:\/\/www.husqvarna.com\/se\/utforska-och-upptack\/chainsaw-academy\/#primaryimage\"},\"datePublished\":\"2020-04-24T07:03:01+00:00\",\"dateModified\":\"2026-02-24T09:35:08+00:00\",\"breadcrumb\":{\"@id\":\"https:\/\/www.husqvarna.com\/se\/utforska-och-upptack\/chainsaw-academy\/#breadcrumb\"},\"inLanguage\":\"sv-SE\",\"potentialAction\":[{\"@type\":\"ReadAction\",\"target\":[\"https:\/\/www.husqvarna.com\/se\/utforska-och-upptack\/chainsaw-academy\/\"]}]},{\"@type\":\"BreadcrumbList\",\"@id\":\"https:\/\/www.husqvarna.com\/se\/utforska-och-upptack\/chainsaw-academy\/#breadcrumb\",\"itemListElement\":[{\"@type\":\"ListItem\",\"position\":1,\"item\":{\"@type\":\"WebPage\",\"@id\":\"https:\/\/chainsawacademy.husqvarna.com\/sv\/\",\"url\":\"https:\/\/chainsawacademy.husqvarna.com\/sv\/\",\"name\":\"Home\"}},{\"@type\":\"ListItem\",\"position\":2,\"item\":{\"@type\":\"WebPage\",\"@id\":\"https:\/\/chainsawacademy.husqvarna.com\/sv\/\",\"url\":\"https:\/\/chainsawacademy.husqvarna.com\/sv\/\",\"name\":\"S\\u00e5 h\\u00e4r f\\u00e4ller du ett tr\\u00e4d\"}}]}]}<\/script>\n<!-- \/ Yoast SEO plugin. -->","_links":{"self":[{"href":"https:\/\/chainsawacademy.husqvarna.com\/wp-json\/wp\/v2\/pages\/1160"}],"collection":[{"href":"https:\/\/chainsawacademy.husqvarna.com\/wp-json\/wp\/v2\/pages"}],"about":[{"href":"https:\/\/chainsawacademy.husqvarna.com\/wp-json\/wp\/v2\/types\/page"}],"author":[{"embeddable":true,"href":"https:\/\/chainsawacademy.husqvarna.com\/wp-json\/wp\/v2\/users\/1"}],"replies":[{"embeddable":true,"href":"https:\/\/chainsawacademy.husqvarna.com\/wp-json\/wp\/v2\/comments?post=1160"}],"version-history":[{"count":8,"href":"https:\/\/chainsawacademy.husqvarna.com\/wp-json\/wp\/v2\/pages\/1160\/revisions"}],"predecessor-version":[{"id":6129,"href":"https:\/\/chainsawacademy.husqvarna.com\/wp-json\/wp\/v2\/pages\/1160\/revisions\/6129"}],"wp:featuredmedia":[{"embeddable":true,"href":"https:\/\/chainsawacademy.husqvarna.com\/wp-json\/wp\/v2\/media\/511"}],"wp:attachment":[{"href":"https:\/\/chainsawacademy.husqvarna.com\/wp-json\/wp\/v2\/media?parent=1160"}],"curies":[{"name":"wp","href":"https:\/\/api.w.org\/{rel}","templated":true}]}}