{"id":1353,"date":"2020-08-18T06:36:40","date_gmt":"2020-08-18T06:36:40","guid":{"rendered":"https:\/\/chainsawacademy.husqvarna.com\/?page_id=1353"},"modified":"2026-03-26T07:59:26","modified_gmt":"2026-03-26T07:59:26","slug":"ansvarsfraskrivelse-og-bruksvilkar","status":"publish","type":"page","link":"https:\/\/chainsawacademy.husqvarna.com\/nn\/ansvarsfraskrivelse-og-bruksvilkar\/","title":{"rendered":"Ansvarsfraskrivelse og bruksvilk\u00e5r"},"content":{"rendered":"<p class=\"p1\">I denne online-guiden gir vi v\u00e5rt syn p\u00e5 korrekte og sikre arbeidsmetoder for vanlige situasjoner ved trefelling. Vi kan selvf\u00f8lgelig ikke dekke inn alle tenkelige scenarier som kan inntreffe. Hvis du f\u00f8ler deg usikker, skal du alltid r\u00e5df\u00f8re deg med en lokal fagperson f\u00f8r du tar fatt p\u00e5 trefellingsarbeidet.<\/p>\n\n\n<p><\/p>\n","protected":false},"excerpt":{"rendered":"<p>I denne online-guiden gir vi v\u00e5rt syn p\u00e5 korrekte og sikre arbeidsmetoder for vanlige situasjoner ved trefelling. Vi kan selvf\u00f8lgelig ikke dekke inn alle tenkelige scenarier som kan inntreffe. Hvis du f\u00f8ler deg usikker, skal du alltid r\u00e5df\u00f8re deg med en lokal fagperson f\u00f8r du tar fatt p\u00e5 trefellingsarbeidet.<\/p>\n","protected":false},"author":1,"featured_media":519,"parent":0,"menu_order":0,"comment_status":"closed","ping_status":"closed","template":"page-templates\/terms-page.php","meta":{"_locale":"nn_NO","_original_post":"264"},"yoast_head":"<!-- This site is optimized with the Yoast SEO plugin v16.1.1 - https:\/\/yoast.com\/wordpress\/plugins\/seo\/ -->\n<meta name=\"description\" content=\"This is our view on safe, efficient chainsaw work. You might end up in situations not covered by us. If in doubts, don\u2019t proceed and consult a professional.\" \/>\n<link rel=\"canonical\" href=\"https:\/\/www.husqvarna.com\/no\/laer-og-oppdag\/chainsaw-academy\/ansvarsfraskrivelse-og-bruksvilkar\/\" \/>\n<meta property=\"og:locale\" content=\"nn_NO\" \/>\n<meta property=\"og:type\" content=\"article\" \/>\n<meta property=\"og:title\" content=\"Ansvarsfraskrivelse og bruksvilk\u00e5r\" \/>\n<meta property=\"og:description\" content=\"This is our view on safe, efficient chainsaw work. You might end up in situations not covered by us. If in doubts, don\u2019t proceed and consult a professional.\" \/>\n<meta property=\"og:url\" content=\"https:\/\/www.husqvarna.com\/no\/laer-og-oppdag\/chainsaw-academy\/ansvarsfraskrivelse-og-bruksvilkar\/\" \/>\n<meta property=\"og:site_name\" content=\"Husqvarna Chainsaw Academy\" \/>\n<meta property=\"article:modified_time\" content=\"2026-03-26T07:59:26+00:00\" \/>\n<meta property=\"og:image\" content=\"https:\/\/chainsawacademy.husqvarna.com\/wp-content\/uploads\/2018\/08\/Wood_H110-0434.jpg\" \/>\n\t<meta property=\"og:image:width\" content=\"1920\" \/>\n\t<meta property=\"og:image:height\" content=\"627\" \/>\n<meta name=\"twitter:card\" content=\"summary_large_image\" \/>\n<meta name=\"twitter:label1\" content=\"Est. reading time\">\n\t<meta name=\"twitter:data1\" content=\"1 minutt\">\n<script type=\"application\/ld+json\" class=\"yoast-schema-graph\">{\"@context\":\"https:\/\/schema.org\",\"@graph\":[{\"@type\":\"WebSite\",\"@id\":\"https:\/\/chainsawacademy.husqvarna.com\/#website\",\"url\":\"https:\/\/chainsawacademy.husqvarna.com\/\",\"name\":\"Husqvarna Chainsaw Academy\",\"description\":\"Husqvarna Chainsaw Academy is your online resource.\",\"potentialAction\":[{\"@type\":\"SearchAction\",\"target\":\"https:\/\/chainsawacademy.husqvarna.com\/?s={search_term_string}\",\"query-input\":\"required name=search_term_string\"}],\"inLanguage\":\"nn-NO\"},{\"@type\":\"ImageObject\",\"@id\":\"https:\/\/www.husqvarna.com\/no\/laer-og-oppdag\/chainsaw-academy\/ansvarsfraskrivelse-og-bruksvilkar\/#primaryimage\",\"inLanguage\":\"nn-NO\",\"url\":\"https:\/\/chainsawacademy.husqvarna.com\/wp-content\/uploads\/2018\/08\/Wood_H110-0434.jpg\",\"contentUrl\":\"https:\/\/chainsawacademy.husqvarna.com\/wp-content\/uploads\/2018\/08\/Wood_H110-0434.jpg\",\"width\":1920,\"height\":627},{\"@type\":\"WebPage\",\"@id\":\"https:\/\/www.husqvarna.com\/no\/laer-og-oppdag\/chainsaw-academy\/ansvarsfraskrivelse-og-bruksvilkar\/#webpage\",\"url\":\"https:\/\/www.husqvarna.com\/no\/laer-og-oppdag\/chainsaw-academy\/ansvarsfraskrivelse-og-bruksvilkar\/\",\"name\":\"Ansvarsfraskrivelse og bruksvilk\\u00e5r\",\"isPartOf\":{\"@id\":\"https:\/\/chainsawacademy.husqvarna.com\/#website\"},\"primaryImageOfPage\":{\"@id\":\"https:\/\/www.husqvarna.com\/no\/laer-og-oppdag\/chainsaw-academy\/ansvarsfraskrivelse-og-bruksvilkar\/#primaryimage\"},\"datePublished\":\"2020-08-18T06:36:40+00:00\",\"dateModified\":\"2026-03-26T07:59:26+00:00\",\"description\":\"This is our view on safe, efficient chainsaw work. You might end up in situations not covered by us. If in doubts, don\\u2019t proceed and consult a professional.\",\"breadcrumb\":{\"@id\":\"https:\/\/www.husqvarna.com\/no\/laer-og-oppdag\/chainsaw-academy\/ansvarsfraskrivelse-og-bruksvilkar\/#breadcrumb\"},\"inLanguage\":\"nn-NO\",\"potentialAction\":[{\"@type\":\"ReadAction\",\"target\":[\"https:\/\/www.husqvarna.com\/no\/laer-og-oppdag\/chainsaw-academy\/ansvarsfraskrivelse-og-bruksvilkar\/\"]}]},{\"@type\":\"BreadcrumbList\",\"@id\":\"https:\/\/www.husqvarna.com\/no\/laer-og-oppdag\/chainsaw-academy\/ansvarsfraskrivelse-og-bruksvilkar\/#breadcrumb\",\"itemListElement\":[{\"@type\":\"ListItem\",\"position\":1,\"item\":{\"@type\":\"WebPage\",\"@id\":\"https:\/\/chainsawacademy.husqvarna.com\/nn\/\",\"url\":\"https:\/\/chainsawacademy.husqvarna.com\/nn\/\",\"name\":\"Home\"}},{\"@type\":\"ListItem\",\"position\":2,\"item\":{\"@type\":\"WebPage\",\"@id\":\"https:\/\/chainsawacademy.husqvarna.com\/nn\/ansvarsfraskrivelse-og-bruksvilkar\/\",\"url\":\"https:\/\/chainsawacademy.husqvarna.com\/nn\/ansvarsfraskrivelse-og-bruksvilkar\/\",\"name\":\"Ansvarsfraskrivelse og bruksvilk\\u00e5r\"}}]}]}<\/script>\n<!-- \/ Yoast SEO plugin. -->","_links":{"self":[{"href":"https:\/\/chainsawacademy.husqvarna.com\/wp-json\/wp\/v2\/pages\/1353"}],"collection":[{"href":"https:\/\/chainsawacademy.husqvarna.com\/wp-json\/wp\/v2\/pages"}],"about":[{"href":"https:\/\/chainsawacademy.husqvarna.com\/wp-json\/wp\/v2\/types\/page"}],"author":[{"embeddable":true,"href":"https:\/\/chainsawacademy.husqvarna.com\/wp-json\/wp\/v2\/users\/1"}],"replies":[{"embeddable":true,"href":"https:\/\/chainsawacademy.husqvarna.com\/wp-json\/wp\/v2\/comments?post=1353"}],"version-history":[{"count":3,"href":"https:\/\/chainsawacademy.husqvarna.com\/wp-json\/wp\/v2\/pages\/1353\/revisions"}],"predecessor-version":[{"id":1356,"href":"https:\/\/chainsawacademy.husqvarna.com\/wp-json\/wp\/v2\/pages\/1353\/revisions\/1356"}],"wp:featuredmedia":[{"embeddable":true,"href":"https:\/\/chainsawacademy.husqvarna.com\/wp-json\/wp\/v2\/media\/519"}],"wp:attachment":[{"href":"https:\/\/chainsawacademy.husqvarna.com\/wp-json\/wp\/v2\/media?parent=1353"}],"curies":[{"name":"wp","href":"https:\/\/api.w.org\/{rel}","templated":true}]}}