{"id":1712,"date":"2020-11-11T12:27:57","date_gmt":"2020-11-11T12:27:57","guid":{"rendered":"https:\/\/chainsawacademy.husqvarna.com\/?page_id=1712"},"modified":"2020-11-11T12:27:59","modified_gmt":"2020-11-11T12:27:59","slug":"disclaimer-terms-of-use","status":"publish","type":"page","link":"https:\/\/chainsawacademy.husqvarna.com\/fi\/disclaimer-terms-of-use\/","title":{"rendered":"Vastuuvapausilmoitus ja k\u00e4ytt\u00f6ehdot"},"content":{"rendered":"<p class=\"p1\">Kerromme t\u00e4ss\u00e4 online-oppaassa oman n\u00e4kemyksemme mukaisista oikeista ja turvallisista ty\u00f6menetelmist\u00e4, jotka sopivat tavallisimpiin kaadon ty\u00f6vaiheisiin, mutta emme tietenk\u00e4\u00e4n voi ottaa huomioon kaikkia mahdollisia tilanteita. Jos olet ep\u00e4varma, ota aina yhteytt\u00e4 paikalliseen ammattilaiseen ennen hakkuut\u00f6iden aloittamista.<\/p>\n","protected":false},"excerpt":{"rendered":"<p>Kerromme t\u00e4ss\u00e4 online-oppaassa oman n\u00e4kemyksemme mukaisista oikeista ja turvallisista ty\u00f6menetelmist\u00e4, jotka sopivat tavallisimpiin kaadon ty\u00f6vaiheisiin, mutta emme tietenk\u00e4\u00e4n voi ottaa huomioon kaikkia mahdollisia tilanteita. Jos olet ep\u00e4varma, ota aina yhteytt\u00e4 paikalliseen ammattilaiseen ennen hakkuut\u00f6iden aloittamista.<\/p>\n","protected":false},"author":1,"featured_media":519,"parent":0,"menu_order":0,"comment_status":"closed","ping_status":"closed","template":"page-templates\/terms-page.php","meta":{"_locale":"fi","_original_post":"264"},"yoast_head":"<!-- This site is optimized with the Yoast SEO plugin v16.1.1 - https:\/\/yoast.com\/wordpress\/plugins\/seo\/ -->\n<meta name=\"description\" content=\"This is our view on safe, efficient chainsaw work. You might end up in situations not covered by us. If in doubts, don\u2019t proceed and consult a professional.\" \/>\n<link rel=\"canonical\" href=\"https:\/\/chainsawacademy.husqvarna.com\/fi\/disclaimer-terms-of-use\/\" \/>\n<meta property=\"og:locale\" content=\"fi_FI\" \/>\n<meta property=\"og:type\" content=\"article\" \/>\n<meta property=\"og:title\" content=\"Disclaimer and terms of use \u2013 Husqvarna Chainsaw Academy\" \/>\n<meta property=\"og:description\" content=\"This is our view on safe, efficient chainsaw work. You might end up in situations not covered by us. If in doubts, don\u2019t proceed and consult a professional.\" \/>\n<meta property=\"og:url\" content=\"https:\/\/chainsawacademy.husqvarna.com\/fi\/disclaimer-terms-of-use\/\" \/>\n<meta property=\"og:site_name\" content=\"Husqvarna Chainsaw Academy\" \/>\n<meta property=\"article:modified_time\" content=\"2020-11-11T12:27:59+00:00\" \/>\n<meta property=\"og:image\" content=\"https:\/\/chainsawacademy.husqvarna.com\/wp-content\/uploads\/2018\/08\/Wood_H110-0434.jpg\" \/>\n\t<meta property=\"og:image:width\" content=\"1920\" \/>\n\t<meta property=\"og:image:height\" content=\"627\" \/>\n<meta name=\"twitter:card\" content=\"summary_large_image\" \/>\n<script type=\"application\/ld+json\" class=\"yoast-schema-graph\">{\"@context\":\"https:\/\/schema.org\",\"@graph\":[{\"@type\":\"WebSite\",\"@id\":\"https:\/\/chainsawacademy.husqvarna.com\/#website\",\"url\":\"https:\/\/chainsawacademy.husqvarna.com\/\",\"name\":\"Husqvarna Chainsaw Academy\",\"description\":\"Husqvarna Chainsaw Academy is your online resource.\",\"potentialAction\":[{\"@type\":\"SearchAction\",\"target\":\"https:\/\/chainsawacademy.husqvarna.com\/?s={search_term_string}\",\"query-input\":\"required name=search_term_string\"}],\"inLanguage\":\"fi\"},{\"@type\":\"ImageObject\",\"@id\":\"https:\/\/chainsawacademy.husqvarna.com\/fi\/disclaimer-terms-of-use\/#primaryimage\",\"inLanguage\":\"fi\",\"url\":\"https:\/\/chainsawacademy.husqvarna.com\/wp-content\/uploads\/2018\/08\/Wood_H110-0434.jpg\",\"contentUrl\":\"https:\/\/chainsawacademy.husqvarna.com\/wp-content\/uploads\/2018\/08\/Wood_H110-0434.jpg\",\"width\":1920,\"height\":627},{\"@type\":\"WebPage\",\"@id\":\"https:\/\/chainsawacademy.husqvarna.com\/fi\/disclaimer-terms-of-use\/#webpage\",\"url\":\"https:\/\/chainsawacademy.husqvarna.com\/fi\/disclaimer-terms-of-use\/\",\"name\":\"Disclaimer and terms of use \\u2013 Husqvarna Chainsaw Academy\",\"isPartOf\":{\"@id\":\"https:\/\/chainsawacademy.husqvarna.com\/#website\"},\"primaryImageOfPage\":{\"@id\":\"https:\/\/chainsawacademy.husqvarna.com\/fi\/disclaimer-terms-of-use\/#primaryimage\"},\"datePublished\":\"2020-11-11T12:27:57+00:00\",\"dateModified\":\"2020-11-11T12:27:59+00:00\",\"description\":\"This is our view on safe, efficient chainsaw work. You might end up in situations not covered by us. If in doubts, don\\u2019t proceed and consult a professional.\",\"breadcrumb\":{\"@id\":\"https:\/\/chainsawacademy.husqvarna.com\/fi\/disclaimer-terms-of-use\/#breadcrumb\"},\"inLanguage\":\"fi\",\"potentialAction\":[{\"@type\":\"ReadAction\",\"target\":[\"https:\/\/chainsawacademy.husqvarna.com\/fi\/disclaimer-terms-of-use\/\"]}]},{\"@type\":\"BreadcrumbList\",\"@id\":\"https:\/\/chainsawacademy.husqvarna.com\/fi\/disclaimer-terms-of-use\/#breadcrumb\",\"itemListElement\":[{\"@type\":\"ListItem\",\"position\":1,\"item\":{\"@type\":\"WebPage\",\"@id\":\"https:\/\/chainsawacademy.husqvarna.com\/fi\/\",\"url\":\"https:\/\/chainsawacademy.husqvarna.com\/fi\/\",\"name\":\"Home\"}},{\"@type\":\"ListItem\",\"position\":2,\"item\":{\"@type\":\"WebPage\",\"@id\":\"https:\/\/chainsawacademy.husqvarna.com\/fi\/disclaimer-terms-of-use\/\",\"url\":\"https:\/\/chainsawacademy.husqvarna.com\/fi\/disclaimer-terms-of-use\/\",\"name\":\"Vastuuvapausilmoitus ja k\\u00e4ytt\\u00f6ehdot\"}}]}]}<\/script>\n<!-- \/ Yoast SEO plugin. -->","_links":{"self":[{"href":"https:\/\/chainsawacademy.husqvarna.com\/wp-json\/wp\/v2\/pages\/1712"}],"collection":[{"href":"https:\/\/chainsawacademy.husqvarna.com\/wp-json\/wp\/v2\/pages"}],"about":[{"href":"https:\/\/chainsawacademy.husqvarna.com\/wp-json\/wp\/v2\/types\/page"}],"author":[{"embeddable":true,"href":"https:\/\/chainsawacademy.husqvarna.com\/wp-json\/wp\/v2\/users\/1"}],"replies":[{"embeddable":true,"href":"https:\/\/chainsawacademy.husqvarna.com\/wp-json\/wp\/v2\/comments?post=1712"}],"version-history":[{"count":2,"href":"https:\/\/chainsawacademy.husqvarna.com\/wp-json\/wp\/v2\/pages\/1712\/revisions"}],"predecessor-version":[{"id":1714,"href":"https:\/\/chainsawacademy.husqvarna.com\/wp-json\/wp\/v2\/pages\/1712\/revisions\/1714"}],"wp:featuredmedia":[{"embeddable":true,"href":"https:\/\/chainsawacademy.husqvarna.com\/wp-json\/wp\/v2\/media\/519"}],"wp:attachment":[{"href":"https:\/\/chainsawacademy.husqvarna.com\/wp-json\/wp\/v2\/media?parent=1712"}],"curies":[{"name":"wp","href":"https:\/\/api.w.org\/{rel}","templated":true}]}}