{"id":1930,"date":"2021-03-22T07:51:50","date_gmt":"2021-03-22T07:51:50","guid":{"rendered":"https:\/\/chainsawacademy.husqvarna.com\/?page_id=1930"},"modified":"2021-04-01T06:49:00","modified_gmt":"2021-04-01T06:49:00","slug":"zreknuti-se-odpovednosti-a-podminky-pouziti","status":"publish","type":"page","link":"https:\/\/chainsawacademy.husqvarna.com\/cs\/zreknuti-se-odpovednosti-a-podminky-pouziti\/","title":{"rendered":"Z\u0159eknut\u00ed se odpov\u011bdnosti a\u00a0podm\u00ednky pou\u017eit\u00ed"},"content":{"rendered":"<p class=\"p1\">Tento online zdroj poskytuje n\u00e1\u0161 pohled na spr\u00e1vn\u00e9 a&nbsp;bezpe\u010dn\u00e9 pracovn\u00ed metody pro \u010dasto se vyskytuj\u00edc\u00ed situace p\u0159i k\u00e1cen\u00ed strom\u016f. P\u0159irozen\u011b nem\u016f\u017eeme pokr\u00fdt v\u0161echny mo\u017en\u00e9 situace, kter\u00e9 by mohly nastat. V&nbsp;p\u0159\u00edpad\u011b pochybnost\u00ed se p\u0159ed zah\u00e1jen\u00edm k\u00e1cen\u00ed v\u017edy pora\u010fte s&nbsp;m\u00edstn\u00edm odborn\u00edkem.<\/p>\n","protected":false},"excerpt":{"rendered":"<p>Tento online zdroj poskytuje n\u00e1\u0161 pohled na spr\u00e1vn\u00e9 a&nbsp;bezpe\u010dn\u00e9 pracovn\u00ed metody pro \u010dasto se vyskytuj\u00edc\u00ed situace p\u0159i k\u00e1cen\u00ed strom\u016f. P\u0159irozen\u011b nem\u016f\u017eeme pokr\u00fdt v\u0161echny mo\u017en\u00e9 situace, kter\u00e9 by mohly nastat. V&nbsp;p\u0159\u00edpad\u011b pochybnost\u00ed se p\u0159ed zah\u00e1jen\u00edm k\u00e1cen\u00ed v\u017edy pora\u010fte s&nbsp;m\u00edstn\u00edm odborn\u00edkem.<\/p>\n","protected":false},"author":1,"featured_media":519,"parent":0,"menu_order":0,"comment_status":"closed","ping_status":"closed","template":"page-templates\/terms-page.php","meta":{"_locale":"cs_CZ","_original_post":"264"},"yoast_head":"<!-- This site is optimized with the Yoast SEO plugin v16.1.1 - https:\/\/yoast.com\/wordpress\/plugins\/seo\/ -->\n<meta name=\"description\" content=\"This is our view on safe, efficient chainsaw work. You might end up in situations not covered by us. If in doubts, don\u2019t proceed and consult a professional.\" \/>\n<link rel=\"canonical\" href=\"https:\/\/chainsawacademy.husqvarna.com\/cs\/zreknuti-se-odpovednosti-a-podminky-pouziti\/\" \/>\n<meta property=\"og:locale\" content=\"cs_CZ\" \/>\n<meta property=\"og:type\" content=\"article\" \/>\n<meta property=\"og:title\" content=\"Disclaimer and terms of use \u2013 Husqvarna Chainsaw Academy\" \/>\n<meta property=\"og:description\" content=\"This is our view on safe, efficient chainsaw work. You might end up in situations not covered by us. If in doubts, don\u2019t proceed and consult a professional.\" \/>\n<meta property=\"og:url\" content=\"https:\/\/chainsawacademy.husqvarna.com\/cs\/zreknuti-se-odpovednosti-a-podminky-pouziti\/\" \/>\n<meta property=\"og:site_name\" content=\"Husqvarna Chainsaw Academy\" \/>\n<meta property=\"article:modified_time\" content=\"2021-04-01T06:49:00+00:00\" \/>\n<meta property=\"og:image\" content=\"https:\/\/chainsawacademy.husqvarna.com\/wp-content\/uploads\/2018\/08\/Wood_H110-0434.jpg\" \/>\n\t<meta property=\"og:image:width\" content=\"1920\" \/>\n\t<meta property=\"og:image:height\" content=\"627\" \/>\n<meta name=\"twitter:card\" content=\"summary_large_image\" \/>\n<script type=\"application\/ld+json\" class=\"yoast-schema-graph\">{\"@context\":\"https:\/\/schema.org\",\"@graph\":[{\"@type\":\"WebSite\",\"@id\":\"https:\/\/chainsawacademy.husqvarna.com\/#website\",\"url\":\"https:\/\/chainsawacademy.husqvarna.com\/\",\"name\":\"Husqvarna Chainsaw Academy\",\"description\":\"Husqvarna Chainsaw Academy is your online resource.\",\"potentialAction\":[{\"@type\":\"SearchAction\",\"target\":\"https:\/\/chainsawacademy.husqvarna.com\/?s={search_term_string}\",\"query-input\":\"required name=search_term_string\"}],\"inLanguage\":\"cs\"},{\"@type\":\"ImageObject\",\"@id\":\"https:\/\/chainsawacademy.husqvarna.com\/cs\/zreknuti-se-odpovednosti-a-podminky-pouziti\/#primaryimage\",\"inLanguage\":\"cs\",\"url\":\"https:\/\/chainsawacademy.husqvarna.com\/wp-content\/uploads\/2018\/08\/Wood_H110-0434.jpg\",\"contentUrl\":\"https:\/\/chainsawacademy.husqvarna.com\/wp-content\/uploads\/2018\/08\/Wood_H110-0434.jpg\",\"width\":1920,\"height\":627},{\"@type\":\"WebPage\",\"@id\":\"https:\/\/chainsawacademy.husqvarna.com\/cs\/zreknuti-se-odpovednosti-a-podminky-pouziti\/#webpage\",\"url\":\"https:\/\/chainsawacademy.husqvarna.com\/cs\/zreknuti-se-odpovednosti-a-podminky-pouziti\/\",\"name\":\"Disclaimer and terms of use \\u2013 Husqvarna Chainsaw Academy\",\"isPartOf\":{\"@id\":\"https:\/\/chainsawacademy.husqvarna.com\/#website\"},\"primaryImageOfPage\":{\"@id\":\"https:\/\/chainsawacademy.husqvarna.com\/cs\/zreknuti-se-odpovednosti-a-podminky-pouziti\/#primaryimage\"},\"datePublished\":\"2021-03-22T07:51:50+00:00\",\"dateModified\":\"2021-04-01T06:49:00+00:00\",\"description\":\"This is our view on safe, efficient chainsaw work. You might end up in situations not covered by us. If in doubts, don\\u2019t proceed and consult a professional.\",\"breadcrumb\":{\"@id\":\"https:\/\/chainsawacademy.husqvarna.com\/cs\/zreknuti-se-odpovednosti-a-podminky-pouziti\/#breadcrumb\"},\"inLanguage\":\"cs\",\"potentialAction\":[{\"@type\":\"ReadAction\",\"target\":[\"https:\/\/chainsawacademy.husqvarna.com\/cs\/zreknuti-se-odpovednosti-a-podminky-pouziti\/\"]}]},{\"@type\":\"BreadcrumbList\",\"@id\":\"https:\/\/chainsawacademy.husqvarna.com\/cs\/zreknuti-se-odpovednosti-a-podminky-pouziti\/#breadcrumb\",\"itemListElement\":[{\"@type\":\"ListItem\",\"position\":1,\"item\":{\"@type\":\"WebPage\",\"@id\":\"https:\/\/chainsawacademy.husqvarna.com\/cs\/\",\"url\":\"https:\/\/chainsawacademy.husqvarna.com\/cs\/\",\"name\":\"Home\"}},{\"@type\":\"ListItem\",\"position\":2,\"item\":{\"@type\":\"WebPage\",\"@id\":\"https:\/\/chainsawacademy.husqvarna.com\/cs\/zreknuti-se-odpovednosti-a-podminky-pouziti\/\",\"url\":\"https:\/\/chainsawacademy.husqvarna.com\/cs\/zreknuti-se-odpovednosti-a-podminky-pouziti\/\",\"name\":\"Z\\u0159eknut\\u00ed se odpov\\u011bdnosti a\\u00a0podm\\u00ednky pou\\u017eit\\u00ed\"}}]}]}<\/script>\n<!-- \/ Yoast SEO plugin. -->","_links":{"self":[{"href":"https:\/\/chainsawacademy.husqvarna.com\/wp-json\/wp\/v2\/pages\/1930"}],"collection":[{"href":"https:\/\/chainsawacademy.husqvarna.com\/wp-json\/wp\/v2\/pages"}],"about":[{"href":"https:\/\/chainsawacademy.husqvarna.com\/wp-json\/wp\/v2\/types\/page"}],"author":[{"embeddable":true,"href":"https:\/\/chainsawacademy.husqvarna.com\/wp-json\/wp\/v2\/users\/1"}],"replies":[{"embeddable":true,"href":"https:\/\/chainsawacademy.husqvarna.com\/wp-json\/wp\/v2\/comments?post=1930"}],"version-history":[{"count":4,"href":"https:\/\/chainsawacademy.husqvarna.com\/wp-json\/wp\/v2\/pages\/1930\/revisions"}],"predecessor-version":[{"id":2067,"href":"https:\/\/chainsawacademy.husqvarna.com\/wp-json\/wp\/v2\/pages\/1930\/revisions\/2067"}],"wp:featuredmedia":[{"embeddable":true,"href":"https:\/\/chainsawacademy.husqvarna.com\/wp-json\/wp\/v2\/media\/519"}],"wp:attachment":[{"href":"https:\/\/chainsawacademy.husqvarna.com\/wp-json\/wp\/v2\/media?parent=1930"}],"curies":[{"name":"wp","href":"https:\/\/api.w.org\/{rel}","templated":true}]}}